{"id":894,"date":"2022-02-01T14:17:18","date_gmt":"2022-02-01T14:17:18","guid":{"rendered":"https:\/\/concejopitalito.gov.co\/contenido\/?page_id=894"},"modified":"2026-03-18T10:39:26","modified_gmt":"2026-03-18T15:39:26","slug":"noticias","status":"publish","type":"page","link":"https:\/\/concejopitalito.gov.co\/contenido\/noticias\/","title":{"rendered":"Noticias"},"content":{"rendered":"<h1>NOTICIAS<\/h1>\n<h2><a href=\"#\">Inicio \/<\/a><\/h2>\n<h2>Noticias<\/h2>\n<article>\n        <a href=\"https:\/\/concejopitalito.gov.co\/contenido\/2025\/02\/12\/%f0%9d%90%83%f0%9d%90%a8%f0%9d%90%ac-%f0%9d%90%a9%f0%9d%90%ab%f0%9d%90%a8%f0%9d%90%b2%f0%9d%90%9e%f0%9d%90%9c%f0%9d%90%ad%f0%9d%90%a8%f0%9d%90%ac-%f0%9d%90%9d%f0%9d%90%9e-%f0%9d%90%9a%f0%9d%90%9c\/\" title=\"\ud835\udc03\ud835\udc28\ud835\udc2c \ud835\udc29\ud835\udc2b\ud835\udc28\ud835\udc32\ud835\udc1e\ud835\udc1c\ud835\udc2d\ud835\udc28\ud835\udc2c \ud835\udc1d\ud835\udc1e \ud835\udc1a\ud835\udc1c\ud835\udc2e\ud835\udc1e\ud835\udc2b\ud835\udc1d\ud835\udc28 \ud835\udc21\ud835\udc1a\ud835\udc27 \ud835\udc2c\ud835\udc22\ud835\udc1d\ud835\udc28 \ud835\udc29\ud835\udc2b\ud835\udc1e\ud835\udc2c\ud835\udc1e\ud835\udc27\ud835\udc2d\ud835\udc1a\ud835\udc1d\ud835\udc28\ud835\udc2c \ud835\udc29\ud835\udc28\ud835\udc2b \ud835\udc25\ud835\udc1a \ud835\udc1a\ud835\udc1d\ud835\udc26\ud835\udc22\ud835\udc27\ud835\udc22\ud835\udc2c\ud835\udc2d\ud835\udc2b\ud835\udc1a\ud835\udc1c\ud835\udc22\ud835\udc28\u0301\ud835\udc27 \ud835\udc26\ud835\udc2e\ud835\udc27\ud835\udc22\ud835\udc1c\ud835\udc22\ud835\udc29\ud835\udc1a\ud835\udc25 \ud835\udc1a\ud835\udc25 \ud835\udc07\ud835\udc28\ud835\udc27\ud835\udc28\ud835\udc2b\ud835\udc1a\ud835\udc1b\ud835\udc25\ud835\udc1e \ud835\udc02\ud835\udc28\ud835\udc27\ud835\udc1c\ud835\udc1e\ud835\udc23\ud835\udc28 \ud835\udc1d\ud835\udc1e \ud835\udc0f\ud835\udc22\ud835\udc2d\ud835\udc1a\ud835\udc25\ud835\udc22\ud835\udc2d\ud835\udc28.\"><br \/>\n            <time datetime=\"febrero 12, 2025\">febrero 12, 2025<\/time><\/p>\n<p>En lo corrido del primer periodo de sesiones ordinarias, la&#8230;<\/p>\n<h2>\ud835\udc03\ud835\udc28\ud835\udc2c \ud835\udc29\ud835\udc2b\ud835\udc28\ud835\udc32\ud835\udc1e\ud835\udc1c\ud835\udc2d\ud835\udc28\ud835\udc2c \ud835\udc1d\ud835\udc1e \ud835\udc1a\ud835\udc1c\ud835\udc2e\ud835\udc1e\ud835\udc2b\ud835\udc1d\ud835\udc28 \ud835\udc21\ud835\udc1a\ud835\udc27 \ud835\udc2c\ud835\udc22\ud835\udc1d\ud835\udc28 \ud835\udc29\ud835\udc2b\ud835\udc1e\ud835\udc2c\ud835\udc1e\ud835\udc27\ud835\udc2d\ud835\udc1a\ud835\udc1d\ud835\udc28\ud835\udc2c \ud835\udc29\ud835\udc28\ud835\udc2b \ud835\udc25\ud835\udc1a \ud835\udc1a\ud835\udc1d\ud835\udc26\ud835\udc22\ud835\udc27\ud835\udc22\ud835\udc2c\ud835\udc2d\ud835\udc2b\ud835\udc1a\ud835\udc1c\ud835\udc22\ud835\udc28\u0301\ud835\udc27 \ud835\udc26\ud835\udc2e\ud835\udc27\ud835\udc22\ud835\udc1c\ud835\udc22\ud835\udc29\ud835\udc1a\ud835\udc25 \ud835\udc1a\ud835\udc25 \ud835\udc07\ud835\udc28\ud835\udc27\ud835\udc28\ud835\udc2b\ud835\udc1a\ud835\udc1b\ud835\udc25\ud835\udc1e \ud835\udc02\ud835\udc28\ud835\udc27\ud835\udc1c\ud835\udc1e\ud835\udc23\ud835\udc28 \ud835\udc1d\ud835\udc1e \ud835\udc0f\ud835\udc22\ud835\udc2d\ud835\udc1a\ud835\udc25\ud835\udc22\ud835\udc2d\ud835\udc28.<\/h2>\n<p>                <\/a><br \/>\n<\/article>\n<article>\n        <a href=\"https:\/\/concejopitalito.gov.co\/contenido\/2025\/02\/11\/concejo-de-pitalito-se-prepara-para-el-control-politico-del-primer-periodo-ordinario\/\" title=\"Concejo de Pitalito se prepara para el control pol\u00edtico del primer periodo ordinario.\"><br \/>\n            <time datetime=\"febrero 11, 2025\">febrero 11, 2025<\/time><\/p>\n<p>Con el fin de informarse sobre lo que han adelantado&#8230;<\/p>\n<h2>Concejo de Pitalito se prepara para el control pol\u00edtico del primer periodo ordinario.<\/h2>\n<p>                <\/a><br \/>\n<\/article>\n<article>\n        <a href=\"https:\/\/concejopitalito.gov.co\/contenido\/2024\/12\/10\/procuraduria-exonera-a-concejales-y-exconcejales-de-pitalito-de-presunta-falta-al-elegir-a-personero-al-parecer-con-inhabilidad\/\" title=\"Procuradur\u00eda exonera a concejales y exconcejales de Pitalito de presunta falta al elegir a personero, al parecer con inhabilidad.\"><br \/>\n            <time datetime=\"diciembre 10, 2024\">diciembre 10, 2024<\/time><\/p>\n<p>La procuradur\u00eda provincial del juzgamiento de Neiva, determin\u00f3 dar finalizaci\u00f3n&#8230;<\/p>\n<h2>Procuradur\u00eda exonera a concejales y exconcejales de Pitalito de presunta falta al elegir a personero, al parecer con inhabilidad.<\/h2>\n<p>                <\/a><br \/>\n<\/article>\n<article>\n        <a href=\"https:\/\/concejopitalito.gov.co\/contenido\/2024\/11\/12\/resultados-definitivos-de-la-entrevista-para-el-cargo-de-secretario-general-del-concejo-municipal-de-pitalito-para-el-periodo-legal-2025\/\" title=\"Resultados definitivos de la entrevista para el cargo de secretario general del concejo, municipal de Pitalito, para el periodo legal 2025.\"><br \/>\n            <time datetime=\"noviembre 12, 2024\">noviembre 12, 2024<\/time><\/p>\n<p>Resolucion-041-resultados-prueba-de-entrevistaDescarga<\/p>\n<h2>Resultados definitivos de la entrevista para el cargo de secretario general del concejo, municipal de Pitalito, para el periodo legal 2025.<\/h2>\n<p>                <\/a><br \/>\n<\/article>\n<article>\n        <a href=\"https:\/\/concejopitalito.gov.co\/contenido\/2024\/11\/05\/resultados-preliminares-para-la-seleccion-del-cargo-de-secretario-general-del-concejo-municipal-para-el-periodo-2025\/\" title=\"Resultados preliminares para la selecci\u00f3n del cargo de secretario general del concejo municipal, para el periodo 2025.\"><br \/>\n            <time datetime=\"noviembre 5, 2024\">noviembre 5, 2024<\/time><\/p>\n<p>RESOL-039-2024-resultados-estudios-y-experienciaDescarga<\/p>\n<h2>Resultados preliminares para la selecci\u00f3n del cargo de secretario general del concejo municipal, para el periodo 2025.<\/h2>\n<p>                <\/a><br \/>\n<\/article>\n<article>\n        <a href=\"https:\/\/concejopitalito.gov.co\/contenido\/2024\/10\/31\/listado-definitivo-de-aspirantes-admitidos-para-participar-en-la-convocatoria-publica-para-el-cargo-de-secretario-general-del-concejo-de-pitalito-huila\/\" title=\"Listado definitivo de aspirantes admitidos para participar en la convocatoria p\u00fablica para el cargo de secretario general del concejo de Pitalito Huila.\"><br \/>\n            <time datetime=\"octubre 31, 2024\">octubre 31, 2024<\/time><\/p>\n<p>RESOL-037-2024-lista-definitiva-de-aspirantes-admitidos-1Descarga<\/p>\n<h2>Listado definitivo de aspirantes admitidos para participar en la convocatoria p\u00fablica para el cargo de secretario general del concejo de Pitalito Huila.<\/h2>\n<p>                <\/a><br \/>\n<\/article>\n<article>\n        <a href=\"https:\/\/concejopitalito.gov.co\/contenido\/2024\/10\/30\/cierre-de-inscripciones-convocatoria-publica-para-el-cargo-de-secretario-general-del-concejo-municipal-de-pitalito-para-la-vigencia-2025\/\" title=\"Cierre de inscripciones convocatoria p\u00fablica para el cargo de secretario general del concejo municipal de Pitalito para la vigencia 2025\"><br \/>\n            <time datetime=\"octubre 30, 2024\">octubre 30, 2024<\/time><\/p>\n<p>10-Constancia-de-cierre-de-inscripcionesDescarga<\/p>\n<h2>Cierre de inscripciones convocatoria p\u00fablica para el cargo de secretario general del concejo municipal de Pitalito para la vigencia 2025<\/h2>\n<p>                <\/a><br \/>\n<\/article>\n<article>\n        <a href=\"https:\/\/concejopitalito.gov.co\/contenido\/2024\/10\/16\/convocatoria-publica-para-proveer-el-cargo-de-secretario-general-del-concejo-municipal-de-pitalito-para-la-vigencia-2025\/\" title=\"Convocatoria p\u00fablica para proveer el cargo de secretario general del concejo municipal de Pitalito para la vigencia 2025\"><br \/>\n            <time datetime=\"octubre 16, 2024\">octubre 16, 2024<\/time><\/p>\n<p>Convocatoria-Publica-001-2024-Srio-Gral-2025_Descarga<\/p>\n<h2>Convocatoria p\u00fablica para proveer el cargo de secretario general del concejo municipal de Pitalito para la vigencia 2025<\/h2>\n<p>                <\/a><br \/>\n<\/article>\n<article>\n        <a href=\"https:\/\/concejopitalito.gov.co\/contenido\/2024\/10\/10\/tres-proyectos-de-acuerdo-fueron-presentados-por-la-administracion-municipal-en-la-instalacion-de-sesiones-extraordinarias-para-el-mes-de-octubre\/\" title=\"Tres proyectos de acuerdo fueron presentados por la administraci\u00f3n municipal en la instalaci\u00f3n de sesiones extraordinarias para el mes de octubre.\"><br \/>\n            <time datetime=\"octubre 10, 2024\">octubre 10, 2024<\/time><\/p>\n<p>Con la presencia del alcalde municipal Yider Luna Joven fueron&#8230;<\/p>\n<h2>Tres proyectos de acuerdo fueron presentados por la administraci\u00f3n municipal en la instalaci\u00f3n de sesiones extraordinarias para el mes de octubre.<\/h2>\n<p>                <\/a><br \/>\n<\/article>\n<article>\n        <a href=\"https:\/\/concejopitalito.gov.co\/contenido\/2024\/09\/12\/aprobado-proyecto-para-adicion-de-recursos-al-plan-de-desarrollo-municipal\/\" title=\"Aprobado proyecto para adici\u00f3n de recursos al Plan de Desarrollo Municipal\"><br \/>\n            <time datetime=\"septiembre 12, 2024\">septiembre 12, 2024<\/time><\/p>\n<p>Luego de la pr\u00f3rroga del tercer periodo de sesiones ordinarias&#8230;<\/p>\n<h2>Aprobado proyecto para adici\u00f3n de recursos al Plan de Desarrollo Municipal<\/h2>\n<p>                <\/a><br \/>\n<\/article>\n<p>                <button id=\"eael-load-more-btn-39021f2\" data-widget-id=\"39021f2\" data-widget=\"39021f2\" data-page-id=\"894\" data-nonce=\"2680528612\" data-template=\"{&quot;dir&quot;:&quot;lite&quot;,&quot;file_name&quot;:&quot;default.php&quot;,&quot;name&quot;:&quot;Post-Timeline&quot;}\" data-class=\"Essential_Addons_ElementorElementsPost_Timeline\" data-layout=\"\" data-page=\"1\" data-args=\"orderby=date&amp;order=desc&amp;ignore_sticky_posts=1&amp;post_status=publish&amp;posts_per_page=10&amp;offset=&amp;post_type=post&amp;tax_query%5B0%5D%5Btaxonomy%5D=category&amp;tax_query%5B0%5D%5Bfield%5D=term_id&amp;tax_query%5B0%5D%5Bterms%5D%5B0%5D=9&amp;tax_query%5Brelation%5D=AND&amp;author__in%5B0%5D=1&amp;author__in%5B1%5D=3\" data-max-page=\"11\"><br \/>\n                    Cargar m\u00e1s<br \/>\n                <\/button><\/p>\n","protected":false},"excerpt":{"rendered":"<p>NOTICIAS Inicio \/ Noticias febrero 12, 2025 En lo corrido del primer periodo de sesiones ordinarias, la&#8230; \ud835\udc03\ud835\udc28\ud835\udc2c \ud835\udc29\ud835\udc2b\ud835\udc28\ud835\udc32\ud835\udc1e\ud835\udc1c\ud835\udc2d\ud835\udc28\ud835\udc2c \ud835\udc1d\ud835\udc1e \ud835\udc1a\ud835\udc1c\ud835\udc2e\ud835\udc1e\ud835\udc2b\ud835\udc1d\ud835\udc28 \ud835\udc21\ud835\udc1a\ud835\udc27 \ud835\udc2c\ud835\udc22\ud835\udc1d\ud835\udc28 \ud835\udc29\ud835\udc2b\ud835\udc1e\ud835\udc2c\ud835\udc1e\ud835\udc27\ud835\udc2d\ud835\udc1a\ud835\udc1d\ud835\udc28\ud835\udc2c \ud835\udc29\ud835\udc28\ud835\udc2b \ud835\udc25\ud835\udc1a \ud835\udc1a\ud835\udc1d\ud835\udc26\ud835\udc22\ud835\udc27\ud835\udc22\ud835\udc2c\ud835\udc2d\ud835\udc2b\ud835\udc1a\ud835\udc1c\ud835\udc22\ud835\udc28\u0301\ud835\udc27 \ud835\udc26\ud835\udc2e\ud835\udc27\ud835\udc22\ud835\udc1c\ud835\udc22\ud835\udc29\ud835\udc1a\ud835\udc25 \ud835\udc1a\ud835\udc25 \ud835\udc07\ud835\udc28\ud835\udc27\ud835\udc28\ud835\udc2b\ud835\udc1a\ud835\udc1b\ud835\udc25\ud835\udc1e [&hellip;]<\/p>\n","protected":false},"author":1,"featured_media":0,"parent":0,"menu_order":0,"comment_status":"closed","ping_status":"closed","template":"","meta":{"footnotes":""},"class_list":["post-894","page","type-page","status-publish","hentry"],"yoast_head":"<!-- This site is optimized with the Yoast SEO plugin v27.4 - https:\/\/yoast.com\/product\/yoast-seo-wordpress\/ -->\n<title>Noticias - Concejo Municipal de Pitalito<\/title>\n<meta name=\"robots\" content=\"index, follow, max-snippet:-1, max-image-preview:large, max-video-preview:-1\" \/>\n<link rel=\"canonical\" href=\"https:\/\/concejopitalito.gov.co\/contenido\/noticias\/\" \/>\n<meta property=\"og:locale\" content=\"es_ES\" \/>\n<meta property=\"og:type\" content=\"article\" \/>\n<meta property=\"og:title\" content=\"Noticias - Concejo Municipal de Pitalito\" \/>\n<meta property=\"og:description\" content=\"NOTICIAS Inicio \/ Noticias febrero 12, 2025 En lo corrido del primer periodo de sesiones ordinarias, la&#8230; \ud835\udc03\ud835\udc28\ud835\udc2c \ud835\udc29\ud835\udc2b\ud835\udc28\ud835\udc32\ud835\udc1e\ud835\udc1c\ud835\udc2d\ud835\udc28\ud835\udc2c \ud835\udc1d\ud835\udc1e \ud835\udc1a\ud835\udc1c\ud835\udc2e\ud835\udc1e\ud835\udc2b\ud835\udc1d\ud835\udc28 \ud835\udc21\ud835\udc1a\ud835\udc27 \ud835\udc2c\ud835\udc22\ud835\udc1d\ud835\udc28 \ud835\udc29\ud835\udc2b\ud835\udc1e\ud835\udc2c\ud835\udc1e\ud835\udc27\ud835\udc2d\ud835\udc1a\ud835\udc1d\ud835\udc28\ud835\udc2c \ud835\udc29\ud835\udc28\ud835\udc2b \ud835\udc25\ud835\udc1a \ud835\udc1a\ud835\udc1d\ud835\udc26\ud835\udc22\ud835\udc27\ud835\udc22\ud835\udc2c\ud835\udc2d\ud835\udc2b\ud835\udc1a\ud835\udc1c\ud835\udc22\ud835\udc28\u0301\ud835\udc27 \ud835\udc26\ud835\udc2e\ud835\udc27\ud835\udc22\ud835\udc1c\ud835\udc22\ud835\udc29\ud835\udc1a\ud835\udc25 \ud835\udc1a\ud835\udc25 \ud835\udc07\ud835\udc28\ud835\udc27\ud835\udc28\ud835\udc2b\ud835\udc1a\ud835\udc1b\ud835\udc25\ud835\udc1e [&hellip;]\" \/>\n<meta property=\"og:url\" content=\"https:\/\/concejopitalito.gov.co\/contenido\/noticias\/\" \/>\n<meta property=\"og:site_name\" content=\"Concejo Municipal de Pitalito\" \/>\n<meta property=\"article:modified_time\" content=\"2026-03-18T15:39:26+00:00\" \/>\n<meta name=\"twitter:card\" content=\"summary_large_image\" \/>\n<meta name=\"twitter:label1\" content=\"Tiempo de lectura\" \/>\n\t<meta name=\"twitter:data1\" content=\"2 minutos\" \/>\n<script type=\"application\/ld+json\" class=\"yoast-schema-graph\">{\"@context\":\"https:\\\/\\\/schema.org\",\"@graph\":[{\"@type\":\"WebPage\",\"@id\":\"https:\\\/\\\/concejopitalito.gov.co\\\/contenido\\\/noticias\\\/\",\"url\":\"https:\\\/\\\/concejopitalito.gov.co\\\/contenido\\\/noticias\\\/\",\"name\":\"Noticias - Concejo Municipal de Pitalito\",\"isPartOf\":{\"@id\":\"https:\\\/\\\/concejopitalito.gov.co\\\/contenido\\\/#website\"},\"datePublished\":\"2022-02-01T14:17:18+00:00\",\"dateModified\":\"2026-03-18T15:39:26+00:00\",\"breadcrumb\":{\"@id\":\"https:\\\/\\\/concejopitalito.gov.co\\\/contenido\\\/noticias\\\/#breadcrumb\"},\"inLanguage\":\"es\",\"potentialAction\":[{\"@type\":\"ReadAction\",\"target\":[\"https:\\\/\\\/concejopitalito.gov.co\\\/contenido\\\/noticias\\\/\"]}]},{\"@type\":\"BreadcrumbList\",\"@id\":\"https:\\\/\\\/concejopitalito.gov.co\\\/contenido\\\/noticias\\\/#breadcrumb\",\"itemListElement\":[{\"@type\":\"ListItem\",\"position\":1,\"name\":\"Portada\",\"item\":\"https:\\\/\\\/concejopitalito.gov.co\\\/contenido\\\/\"},{\"@type\":\"ListItem\",\"position\":2,\"name\":\"Noticias\"}]},{\"@type\":\"WebSite\",\"@id\":\"https:\\\/\\\/concejopitalito.gov.co\\\/contenido\\\/#website\",\"url\":\"https:\\\/\\\/concejopitalito.gov.co\\\/contenido\\\/\",\"name\":\"Concejo Municipal de Pitalito\",\"description\":\"Nuestro compromiso con Pitalito y los laboyanos es dar al cumplimiento de su misi\u00f3n institucional y legal, tendiente a permitir una \u00f3ptima gesti\u00f3n p\u00fablica que satisfaga las necesidades y expectativas de la comunidad, con base a los requisitos de eficiencia y eficacia y fundamentada en el principio de transparencia\",\"publisher\":{\"@id\":\"https:\\\/\\\/concejopitalito.gov.co\\\/contenido\\\/#organization\"},\"potentialAction\":[{\"@type\":\"SearchAction\",\"target\":{\"@type\":\"EntryPoint\",\"urlTemplate\":\"https:\\\/\\\/concejopitalito.gov.co\\\/contenido\\\/?s={search_term_string}\"},\"query-input\":{\"@type\":\"PropertyValueSpecification\",\"valueRequired\":true,\"valueName\":\"search_term_string\"}}],\"inLanguage\":\"es\"},{\"@type\":\"Organization\",\"@id\":\"https:\\\/\\\/concejopitalito.gov.co\\\/contenido\\\/#organization\",\"name\":\"Concejo Municipal Pitalito\",\"url\":\"https:\\\/\\\/concejopitalito.gov.co\\\/contenido\\\/\",\"logo\":{\"@type\":\"ImageObject\",\"inLanguage\":\"es\",\"@id\":\"https:\\\/\\\/concejopitalito.gov.co\\\/contenido\\\/#\\\/schema\\\/logo\\\/image\\\/\",\"url\":\"https:\\\/\\\/concejopitalito.gov.co\\\/contenido\\\/wp-content\\\/uploads\\\/2021\\\/06\\\/Logo-Concejo.png\",\"contentUrl\":\"https:\\\/\\\/concejopitalito.gov.co\\\/contenido\\\/wp-content\\\/uploads\\\/2021\\\/06\\\/Logo-Concejo.png\",\"width\":1594,\"height\":200,\"caption\":\"Concejo Municipal Pitalito\"},\"image\":{\"@id\":\"https:\\\/\\\/concejopitalito.gov.co\\\/contenido\\\/#\\\/schema\\\/logo\\\/image\\\/\"}}]}<\/script>\n<!-- \/ Yoast SEO plugin. -->","yoast_head_json":{"title":"Noticias - Concejo Municipal de Pitalito","robots":{"index":"index","follow":"follow","max-snippet":"max-snippet:-1","max-image-preview":"max-image-preview:large","max-video-preview":"max-video-preview:-1"},"canonical":"https:\/\/concejopitalito.gov.co\/contenido\/noticias\/","og_locale":"es_ES","og_type":"article","og_title":"Noticias - Concejo Municipal de Pitalito","og_description":"NOTICIAS Inicio \/ Noticias febrero 12, 2025 En lo corrido del primer periodo de sesiones ordinarias, la&#8230; \ud835\udc03\ud835\udc28\ud835\udc2c \ud835\udc29\ud835\udc2b\ud835\udc28\ud835\udc32\ud835\udc1e\ud835\udc1c\ud835\udc2d\ud835\udc28\ud835\udc2c \ud835\udc1d\ud835\udc1e \ud835\udc1a\ud835\udc1c\ud835\udc2e\ud835\udc1e\ud835\udc2b\ud835\udc1d\ud835\udc28 \ud835\udc21\ud835\udc1a\ud835\udc27 \ud835\udc2c\ud835\udc22\ud835\udc1d\ud835\udc28 \ud835\udc29\ud835\udc2b\ud835\udc1e\ud835\udc2c\ud835\udc1e\ud835\udc27\ud835\udc2d\ud835\udc1a\ud835\udc1d\ud835\udc28\ud835\udc2c \ud835\udc29\ud835\udc28\ud835\udc2b \ud835\udc25\ud835\udc1a \ud835\udc1a\ud835\udc1d\ud835\udc26\ud835\udc22\ud835\udc27\ud835\udc22\ud835\udc2c\ud835\udc2d\ud835\udc2b\ud835\udc1a\ud835\udc1c\ud835\udc22\ud835\udc28\u0301\ud835\udc27 \ud835\udc26\ud835\udc2e\ud835\udc27\ud835\udc22\ud835\udc1c\ud835\udc22\ud835\udc29\ud835\udc1a\ud835\udc25 \ud835\udc1a\ud835\udc25 \ud835\udc07\ud835\udc28\ud835\udc27\ud835\udc28\ud835\udc2b\ud835\udc1a\ud835\udc1b\ud835\udc25\ud835\udc1e [&hellip;]","og_url":"https:\/\/concejopitalito.gov.co\/contenido\/noticias\/","og_site_name":"Concejo Municipal de Pitalito","article_modified_time":"2026-03-18T15:39:26+00:00","twitter_card":"summary_large_image","twitter_misc":{"Tiempo de lectura":"2 minutos"},"schema":{"@context":"https:\/\/schema.org","@graph":[{"@type":"WebPage","@id":"https:\/\/concejopitalito.gov.co\/contenido\/noticias\/","url":"https:\/\/concejopitalito.gov.co\/contenido\/noticias\/","name":"Noticias - Concejo Municipal de Pitalito","isPartOf":{"@id":"https:\/\/concejopitalito.gov.co\/contenido\/#website"},"datePublished":"2022-02-01T14:17:18+00:00","dateModified":"2026-03-18T15:39:26+00:00","breadcrumb":{"@id":"https:\/\/concejopitalito.gov.co\/contenido\/noticias\/#breadcrumb"},"inLanguage":"es","potentialAction":[{"@type":"ReadAction","target":["https:\/\/concejopitalito.gov.co\/contenido\/noticias\/"]}]},{"@type":"BreadcrumbList","@id":"https:\/\/concejopitalito.gov.co\/contenido\/noticias\/#breadcrumb","itemListElement":[{"@type":"ListItem","position":1,"name":"Portada","item":"https:\/\/concejopitalito.gov.co\/contenido\/"},{"@type":"ListItem","position":2,"name":"Noticias"}]},{"@type":"WebSite","@id":"https:\/\/concejopitalito.gov.co\/contenido\/#website","url":"https:\/\/concejopitalito.gov.co\/contenido\/","name":"Concejo Municipal de Pitalito","description":"Nuestro compromiso con Pitalito y los laboyanos es dar al cumplimiento de su misi\u00f3n institucional y legal, tendiente a permitir una \u00f3ptima gesti\u00f3n p\u00fablica que satisfaga las necesidades y expectativas de la comunidad, con base a los requisitos de eficiencia y eficacia y fundamentada en el principio de transparencia","publisher":{"@id":"https:\/\/concejopitalito.gov.co\/contenido\/#organization"},"potentialAction":[{"@type":"SearchAction","target":{"@type":"EntryPoint","urlTemplate":"https:\/\/concejopitalito.gov.co\/contenido\/?s={search_term_string}"},"query-input":{"@type":"PropertyValueSpecification","valueRequired":true,"valueName":"search_term_string"}}],"inLanguage":"es"},{"@type":"Organization","@id":"https:\/\/concejopitalito.gov.co\/contenido\/#organization","name":"Concejo Municipal Pitalito","url":"https:\/\/concejopitalito.gov.co\/contenido\/","logo":{"@type":"ImageObject","inLanguage":"es","@id":"https:\/\/concejopitalito.gov.co\/contenido\/#\/schema\/logo\/image\/","url":"https:\/\/concejopitalito.gov.co\/contenido\/wp-content\/uploads\/2021\/06\/Logo-Concejo.png","contentUrl":"https:\/\/concejopitalito.gov.co\/contenido\/wp-content\/uploads\/2021\/06\/Logo-Concejo.png","width":1594,"height":200,"caption":"Concejo Municipal Pitalito"},"image":{"@id":"https:\/\/concejopitalito.gov.co\/contenido\/#\/schema\/logo\/image\/"}}]}},"_links":{"self":[{"href":"https:\/\/concejopitalito.gov.co\/contenido\/wp-json\/wp\/v2\/pages\/894","targetHints":{"allow":["GET"]}}],"collection":[{"href":"https:\/\/concejopitalito.gov.co\/contenido\/wp-json\/wp\/v2\/pages"}],"about":[{"href":"https:\/\/concejopitalito.gov.co\/contenido\/wp-json\/wp\/v2\/types\/page"}],"author":[{"embeddable":true,"href":"https:\/\/concejopitalito.gov.co\/contenido\/wp-json\/wp\/v2\/users\/1"}],"replies":[{"embeddable":true,"href":"https:\/\/concejopitalito.gov.co\/contenido\/wp-json\/wp\/v2\/comments?post=894"}],"version-history":[{"count":16,"href":"https:\/\/concejopitalito.gov.co\/contenido\/wp-json\/wp\/v2\/pages\/894\/revisions"}],"predecessor-version":[{"id":2310,"href":"https:\/\/concejopitalito.gov.co\/contenido\/wp-json\/wp\/v2\/pages\/894\/revisions\/2310"}],"wp:attachment":[{"href":"https:\/\/concejopitalito.gov.co\/contenido\/wp-json\/wp\/v2\/media?parent=894"}],"curies":[{"name":"wp","href":"https:\/\/api.w.org\/{rel}","templated":true}]}}