{"id":644,"date":"2021-12-13T14:54:26","date_gmt":"2021-12-13T14:54:26","guid":{"rendered":"https:\/\/concejopitalito.gov.co\/contenido\/?page_id=644"},"modified":"2025-02-12T12:50:39","modified_gmt":"2025-02-12T17:50:39","slug":"acuerdos","status":"publish","type":"page","link":"https:\/\/concejopitalito.gov.co\/contenido\/acuerdos\/","title":{"rendered":"Acuerdos"},"content":{"rendered":"\t\t<div data-elementor-type=\"wp-page\" data-elementor-id=\"644\" class=\"elementor elementor-644\">\n\t\t\t\t\t\t<section class=\"elementor-section elementor-top-section elementor-element elementor-element-69e91f94 elementor-section-boxed elementor-section-height-default elementor-section-height-default\" data-id=\"69e91f94\" data-element_type=\"section\" data-settings=\"{&quot;background_background&quot;:&quot;classic&quot;}\">\n\t\t\t\t\t\t\t<div class=\"elementor-background-overlay\"><\/div>\n\t\t\t\t\t\t\t<div class=\"elementor-container elementor-column-gap-default\">\n\t\t\t\t\t<div class=\"elementor-column elementor-col-50 elementor-top-column elementor-element elementor-element-77a70430\" data-id=\"77a70430\" data-element_type=\"column\">\n\t\t\t<div class=\"elementor-widget-wrap elementor-element-populated\">\n\t\t\t\t\t\t<div class=\"elementor-element elementor-element-75fcb930 elementor-widget elementor-widget-heading\" data-id=\"75fcb930\" data-element_type=\"widget\" data-widget_type=\"heading.default\">\n\t\t\t\t<div class=\"elementor-widget-container\">\n\t\t\t\t\t<h1 class=\"elementor-heading-title elementor-size-default\">ACUERDOS<\/h1>\t\t\t\t<\/div>\n\t\t\t\t<\/div>\n\t\t\t\t\t<\/div>\n\t\t<\/div>\n\t\t\t\t<div class=\"elementor-column elementor-col-50 elementor-top-column elementor-element elementor-element-41f9bbb4\" data-id=\"41f9bbb4\" data-element_type=\"column\">\n\t\t\t<div class=\"elementor-widget-wrap elementor-element-populated\">\n\t\t\t\t\t\t<div class=\"elementor-element elementor-element-8a14645 elementor-widget__width-auto elementor-widget elementor-widget-heading\" data-id=\"8a14645\" data-element_type=\"widget\" data-widget_type=\"heading.default\">\n\t\t\t\t<div class=\"elementor-widget-container\">\n\t\t\t\t\t<h2 class=\"elementor-heading-title elementor-size-default\"><a href=\"#\">Inicio \/<\/a><\/h2>\t\t\t\t<\/div>\n\t\t\t\t<\/div>\n\t\t\t\t<div class=\"elementor-element elementor-element-6b8118 elementor-widget__width-auto elementor-widget elementor-widget-heading\" data-id=\"6b8118\" data-element_type=\"widget\" data-widget_type=\"heading.default\">\n\t\t\t\t<div class=\"elementor-widget-container\">\n\t\t\t\t\t<h2 class=\"elementor-heading-title elementor-size-default\">Acuerdos<\/h2>\t\t\t\t<\/div>\n\t\t\t\t<\/div>\n\t\t\t\t\t<\/div>\n\t\t<\/div>\n\t\t\t\t\t<\/div>\n\t\t<\/section>\n\t\t\t\t<section class=\"elementor-section elementor-top-section elementor-element elementor-element-faf67fe elementor-section-boxed elementor-section-height-default elementor-section-height-default\" data-id=\"faf67fe\" data-element_type=\"section\">\n\t\t\t\t\t\t<div class=\"elementor-container elementor-column-gap-default\">\n\t\t\t\t\t<div class=\"elementor-column elementor-col-100 elementor-top-column elementor-element elementor-element-38f2ef0\" data-id=\"38f2ef0\" data-element_type=\"column\">\n\t\t\t<div class=\"elementor-widget-wrap elementor-element-populated\">\n\t\t\t\t\t\t<div class=\"elementor-element elementor-element-39021f2 elementor-widget elementor-widget-eael-post-timeline\" data-id=\"39021f2\" data-element_type=\"widget\" data-widget_type=\"eael-post-timeline.default\">\n\t\t\t\t<div class=\"elementor-widget-container\">\n\t\t\t\t\t<div id=\"eael-post-timeline-39021f2\" class=\"eael-post-timeline timeline-layout-default eael-post-timeline-arrow-\">\n            <div class=\"eael-post-timeline eael-post-appender eael-post-appender-39021f2\"><article class=\"eael-timeline-post eael-timeline-column\">\n    <div class=\"eael-timeline-bullet\"><\/div>\n    <div class=\"eael-timeline-post-inner\">\n        <a class=\"eael-timeline-post-link\" href=\"https:\/\/concejopitalito.gov.co\/contenido\/2025\/11\/06\/cierre-de-inscripciones-para-la-convocatoria-publica-del-cargo-de-secretario-general-del-concejo-municipal-de-pitalito-vigencia-2026\/\" title=\"Cierre de inscripciones para la convocatoria p\u00fablica del cargo de Secretario General del Concejo Municipal de Pitalito \u2013 Vigencia 2026\">\n            <time datetime=\"noviembre 6, 2025\">noviembre 6, 2025<\/time>\n            <div class=\"eael-timeline-post-image  attachment-medium_large size-medium_large\" style=\"background-image: url(https:\/\/concejopitalito.gov.co\/contenido\/wp-content\/uploads\/2025\/11\/img_9851-768x576.jpg);\"><\/div><div class=\"eael-timeline-post-excerpt\"><p>El Honorable Concejo Municipal de Pitalito informa a la ciudadan\u00eda...<\/p><\/div><div class=\"eael-timeline-post-title\">\n                    <h2 class=\"eael-timeline-post-title-text\">Cierre de inscripciones para la convocatoria p\u00fablica del cargo de Secretario General del Concejo Municipal de Pitalito \u2013 Vigencia 2026<\/h2>\n                <\/div><\/a>\n    <\/div>\n<\/article><article class=\"eael-timeline-post eael-timeline-column\">\n    <div class=\"eael-timeline-bullet\"><\/div>\n    <div class=\"eael-timeline-post-inner\">\n        <a class=\"eael-timeline-post-link\" href=\"https:\/\/concejopitalito.gov.co\/contenido\/2025\/10\/22\/concejo-municipal-de-pitalito-anuncio-apertura-del-proceso-para-eleccion-del-secretario-general-2026\/\" title=\"Concejo Municipal de Pitalito anunci\u00f3 apertura del proceso para elecci\u00f3n del Secretario General 2026\">\n            <time datetime=\"octubre 22, 2025\">octubre 22, 2025<\/time>\n            <div class=\"eael-timeline-post-image  attachment-medium_large size-medium_large\" style=\"background-image: url(https:\/\/concejopitalito.gov.co\/contenido\/wp-content\/uploads\/2025\/10\/img_9652-768x576.jpg);\"><\/div><div class=\"eael-timeline-post-excerpt\"><p>Mediante la Resoluci\u00f3n No. 028 de 2025, el Honorable Concejo...<\/p><\/div><div class=\"eael-timeline-post-title\">\n                    <h2 class=\"eael-timeline-post-title-text\">Concejo Municipal de Pitalito anunci\u00f3 apertura del proceso para elecci\u00f3n del Secretario General 2026<\/h2>\n                <\/div><\/a>\n    <\/div>\n<\/article><article class=\"eael-timeline-post eael-timeline-column\">\n    <div class=\"eael-timeline-bullet\"><\/div>\n    <div class=\"eael-timeline-post-inner\">\n        <a class=\"eael-timeline-post-link\" href=\"https:\/\/concejopitalito.gov.co\/contenido\/2025\/04\/12\/acuerdo-010-de-2025-vigencias-futuras\/\" title=\"Acuerdo 010 de 2025 Vigencias futuras\">\n            <time datetime=\"abril 12, 2025\">abril 12, 2025<\/time>\n            <div class=\"eael-timeline-post-image  attachment-medium_large size-medium_large\" style=\"background-image: url();\"><\/div><div class=\"eael-timeline-post-excerpt\"><p>Acuerd.010.2025-Autorizac-Compromet-Vigenc-Futur-Ordinar-Actualiz-Catastral_1Descarga<\/p><\/div><div class=\"eael-timeline-post-title\">\n                    <h2 class=\"eael-timeline-post-title-text\">Acuerdo 010 de 2025 Vigencias futuras<\/h2>\n                <\/div><\/a>\n    <\/div>\n<\/article><article class=\"eael-timeline-post eael-timeline-column\">\n    <div class=\"eael-timeline-bullet\"><\/div>\n    <div class=\"eael-timeline-post-inner\">\n        <a class=\"eael-timeline-post-link\" href=\"https:\/\/concejopitalito.gov.co\/contenido\/2025\/04\/12\/acuerdo-009-de-2025-modificacion-pot-reubicacion-asentamiento-alto-de-la-cruz\/\" title=\"Acuerdo 009 de 2025 modificaci\u00f3n POT reubicaci\u00f3n asentamiento Alto de la Cruz\">\n            <time datetime=\"abril 12, 2025\">abril 12, 2025<\/time>\n            <div class=\"eael-timeline-post-image  attachment-medium_large size-medium_large\" style=\"background-image: url();\"><\/div><div class=\"eael-timeline-post-excerpt\"><p>Acuerd.009.2025-Modificacion-Excepcional-del-Anexo-5-Ficha-Normativa-Bruselas_1Descarga<\/p><\/div><div class=\"eael-timeline-post-title\">\n                    <h2 class=\"eael-timeline-post-title-text\">Acuerdo 009 de 2025 modificaci\u00f3n POT reubicaci\u00f3n asentamiento Alto de la Cruz<\/h2>\n                <\/div><\/a>\n    <\/div>\n<\/article><article class=\"eael-timeline-post eael-timeline-column\">\n    <div class=\"eael-timeline-bullet\"><\/div>\n    <div class=\"eael-timeline-post-inner\">\n        <a class=\"eael-timeline-post-link\" href=\"https:\/\/concejopitalito.gov.co\/contenido\/2025\/04\/12\/acuerdo-008-de-2025-adicion-de-recursos-presupuesto-de-rentas\/\" title=\"Acuerdo 008 de 2025 adici\u00f3n de recursos presupuesto de rentas\">\n            <time datetime=\"abril 12, 2025\">abril 12, 2025<\/time>\n            <div class=\"eael-timeline-post-image  attachment-medium_large size-medium_large\" style=\"background-image: url();\"><\/div><div class=\"eael-timeline-post-excerpt\"><p>Acuerd.008.2025-Adic-Pptal-DNP-Y-SGP-098-Y-099-2025-1.182\u00b4175.922_1Descarga<\/p><\/div><div class=\"eael-timeline-post-title\">\n                    <h2 class=\"eael-timeline-post-title-text\">Acuerdo 008 de 2025 adici\u00f3n de recursos presupuesto de rentas<\/h2>\n                <\/div><\/a>\n    <\/div>\n<\/article><article class=\"eael-timeline-post eael-timeline-column\">\n    <div class=\"eael-timeline-bullet\"><\/div>\n    <div class=\"eael-timeline-post-inner\">\n        <a class=\"eael-timeline-post-link\" href=\"https:\/\/concejopitalito.gov.co\/contenido\/2025\/04\/12\/acuerdo-006-de-2025-adicion-presupuestal-pae\/\" title=\"Acuerdo 007 de 2025 adici\u00f3n presupuestal PAE\">\n            <time datetime=\"abril 12, 2025\">abril 12, 2025<\/time>\n            <div class=\"eael-timeline-post-image  attachment-medium_large size-medium_large\" style=\"background-image: url();\"><\/div><div class=\"eael-timeline-post-excerpt\"><p>Acuerd.007.2025-Adic-Pptal-Ajste-11-Doceavas-SGP-Alimentac-Escol.-Y-Resol.-PAE-Vigenc-2025_1Descarga<\/p><\/div><div class=\"eael-timeline-post-title\">\n                    <h2 class=\"eael-timeline-post-title-text\">Acuerdo 007 de 2025 adici\u00f3n presupuestal PAE<\/h2>\n                <\/div><\/a>\n    <\/div>\n<\/article><article class=\"eael-timeline-post eael-timeline-column\">\n    <div class=\"eael-timeline-bullet\"><\/div>\n    <div class=\"eael-timeline-post-inner\">\n        <a class=\"eael-timeline-post-link\" href=\"https:\/\/concejopitalito.gov.co\/contenido\/2025\/04\/12\/acuerdo-006-de-2025-adicion-presupuestal-fondo-educativo\/\" title=\"Acuerdo 006 de 2025 adici\u00f3n presupuestal fondo educativo\">\n            <time datetime=\"abril 12, 2025\">abril 12, 2025<\/time>\n            <div class=\"eael-timeline-post-image  attachment-medium_large size-medium_large\" style=\"background-image: url();\"><\/div><div class=\"eael-timeline-post-excerpt\"><p>Acuerd.006.2025-Adic-Pptal-Superavit-Fondo-Educativo-2.282\u00b4360.55715_1Descarga<\/p><\/div><div class=\"eael-timeline-post-title\">\n                    <h2 class=\"eael-timeline-post-title-text\">Acuerdo 006 de 2025 adici\u00f3n presupuestal fondo educativo<\/h2>\n                <\/div><\/a>\n    <\/div>\n<\/article><article class=\"eael-timeline-post eael-timeline-column\">\n    <div class=\"eael-timeline-bullet\"><\/div>\n    <div class=\"eael-timeline-post-inner\">\n        <a class=\"eael-timeline-post-link\" href=\"https:\/\/concejopitalito.gov.co\/contenido\/2025\/04\/12\/acuerdo-005-de-2025-superavit-2024\/\" title=\"Acuerdo 005 de 2025 super\u00e1vit 2024\">\n            <time datetime=\"abril 12, 2025\">abril 12, 2025<\/time>\n            <div class=\"eael-timeline-post-image  attachment-medium_large size-medium_large\" style=\"background-image: url();\"><\/div><div class=\"eael-timeline-post-excerpt\"><p>Acuerd.005.2025-Superavit-2024-Admon-Central-27.189\u00b4331.99042Descarga<\/p><\/div><div class=\"eael-timeline-post-title\">\n                    <h2 class=\"eael-timeline-post-title-text\">Acuerdo 005 de 2025 super\u00e1vit 2024<\/h2>\n                <\/div><\/a>\n    <\/div>\n<\/article><article class=\"eael-timeline-post eael-timeline-column\">\n    <div class=\"eael-timeline-bullet\"><\/div>\n    <div class=\"eael-timeline-post-inner\">\n        <a class=\"eael-timeline-post-link\" href=\"https:\/\/concejopitalito.gov.co\/contenido\/2025\/04\/12\/acuerdo-004-de-2025-catastro-multiproposito\/\" title=\"Acuerdo 004 de 2025 catastro multiprop\u00f3sito\">\n            <time datetime=\"abril 12, 2025\">abril 12, 2025<\/time>\n            <div class=\"eael-timeline-post-image  attachment-medium_large size-medium_large\" style=\"background-image: url();\"><\/div><div class=\"eael-timeline-post-excerpt\"><p>Acuerd.004.2025-Adic-Pptal-Recursos-del-Credito-Destino-Catastro-Multipropos-8.500\u00b4000.000_1Descarga<\/p><\/div><div class=\"eael-timeline-post-title\">\n                    <h2 class=\"eael-timeline-post-title-text\">Acuerdo 004 de 2025 catastro multiprop\u00f3sito<\/h2>\n                <\/div><\/a>\n    <\/div>\n<\/article><article class=\"eael-timeline-post eael-timeline-column\">\n    <div class=\"eael-timeline-bullet\"><\/div>\n    <div class=\"eael-timeline-post-inner\">\n        <a class=\"eael-timeline-post-link\" href=\"https:\/\/concejopitalito.gov.co\/contenido\/2025\/03\/31\/resolucion-administrativa-licencia-de-maternidad-personera-de-pitalito\/\" title=\"Resoluci\u00f3n administrativa, licencia de maternidad personera de Pitalito\">\n            <time datetime=\"marzo 31, 2025\">marzo 31, 2025<\/time>\n            <div class=\"eael-timeline-post-image  attachment-medium_large size-medium_large\" style=\"background-image: url();\"><\/div><div class=\"eael-timeline-post-excerpt\"><p>Resoluc-Adva-011-Licencia-Maternidad-Personera-Yuli-Constanza-Silva-Ch_1Descarga<\/p><\/div><div class=\"eael-timeline-post-title\">\n                    <h2 class=\"eael-timeline-post-title-text\">Resoluci\u00f3n administrativa, licencia de maternidad personera de Pitalito<\/h2>\n                <\/div><\/a>\n    <\/div>\n<\/article><\/div>\n\t\t<\/div>            <div class=\"eael-load-more-button-wrap\">\n                <button class=\"eael-load-more-button\" id=\"eael-load-more-btn-39021f2\" data-widget-id=\"39021f2\" data-widget=\"39021f2\" data-page-id=\"644\" data-template=\"{&quot;dir&quot;:&quot;lite&quot;,&quot;file_name&quot;:&quot;default.php&quot;,&quot;name&quot;:&quot;Post-Timeline&quot;}\" data-class=\"Essential_Addons_Elementor\\Elements\\Post_Timeline\" data-layout=\"\" data-page=\"1\" data-args=\"orderby=date&amp;order=desc&amp;ignore_sticky_posts=1&amp;post_status=publish&amp;posts_per_page=10&amp;offset=&amp;post_type=post&amp;tax_query%5B0%5D%5Btaxonomy%5D=category&amp;tax_query%5B0%5D%5Bfield%5D=term_id&amp;tax_query%5B0%5D%5Bterms%5D%5B0%5D=1&amp;tax_query%5Brelation%5D=AND&amp;author__in%5B0%5D=1&amp;author__in%5B1%5D=3\" data-max-page=\"8\">\n                    <span class=\"eael-btn-loader button__loader\"><\/span>\n                    <span class=\"eael_load_more_text\">Cargar m\u00e1s<\/span>\n                <\/button>\n            <\/div>\n            \t\t\t\t<\/div>\n\t\t\t\t<\/div>\n\t\t\t\t\t<\/div>\n\t\t<\/div>\n\t\t\t\t\t<\/div>\n\t\t<\/section>\n\t\t\t\t<\/div>\n\t\t","protected":false},"excerpt":{"rendered":"<p>ACUERDOS Inicio \/ Acuerdos octubre 30, 2024 RESOL-036-2024-lista-de-aspirantes-admitidos Listado preliminar de aspirantes al cargo de secretario general del concejo municipal de Pitalito. agosto 20, 2024 Dentro de las funciones que [&hellip;]<\/p>\n","protected":false},"author":1,"featured_media":0,"parent":0,"menu_order":0,"comment_status":"closed","ping_status":"closed","template":"","meta":{"footnotes":""},"class_list":["post-644","page","type-page","status-publish","hentry"],"yoast_head":"<!-- This site is optimized with the Yoast SEO plugin v27.3 - https:\/\/yoast.com\/product\/yoast-seo-wordpress\/ -->\n<title>Acuerdos - Concejo Municipal de Pitalito<\/title>\n<meta name=\"robots\" content=\"index, follow, max-snippet:-1, max-image-preview:large, max-video-preview:-1\" \/>\n<link rel=\"canonical\" href=\"https:\/\/concejopitalito.gov.co\/contenido\/acuerdos\/\" \/>\n<meta property=\"og:locale\" content=\"es_ES\" \/>\n<meta property=\"og:type\" content=\"article\" \/>\n<meta property=\"og:title\" content=\"Acuerdos - Concejo Municipal de Pitalito\" \/>\n<meta property=\"og:description\" content=\"ACUERDOS Inicio \/ Acuerdos octubre 30, 2024 RESOL-036-2024-lista-de-aspirantes-admitidos Listado preliminar de aspirantes al cargo de secretario general del concejo municipal de Pitalito. agosto 20, 2024 Dentro de las funciones que [&hellip;]\" \/>\n<meta property=\"og:url\" content=\"https:\/\/concejopitalito.gov.co\/contenido\/acuerdos\/\" \/>\n<meta property=\"og:site_name\" content=\"Concejo Municipal de Pitalito\" \/>\n<meta property=\"article:modified_time\" content=\"2025-02-12T17:50:39+00:00\" \/>\n<meta name=\"twitter:card\" content=\"summary_large_image\" \/>\n<meta name=\"twitter:label1\" content=\"Tiempo de lectura\" \/>\n\t<meta name=\"twitter:data1\" content=\"1 minuto\" \/>\n<script type=\"application\/ld+json\" class=\"yoast-schema-graph\">{\"@context\":\"https:\\\/\\\/schema.org\",\"@graph\":[{\"@type\":\"WebPage\",\"@id\":\"https:\\\/\\\/concejopitalito.gov.co\\\/contenido\\\/acuerdos\\\/\",\"url\":\"https:\\\/\\\/concejopitalito.gov.co\\\/contenido\\\/acuerdos\\\/\",\"name\":\"Acuerdos - Concejo Municipal de Pitalito\",\"isPartOf\":{\"@id\":\"https:\\\/\\\/concejopitalito.gov.co\\\/contenido\\\/#website\"},\"datePublished\":\"2021-12-13T14:54:26+00:00\",\"dateModified\":\"2025-02-12T17:50:39+00:00\",\"breadcrumb\":{\"@id\":\"https:\\\/\\\/concejopitalito.gov.co\\\/contenido\\\/acuerdos\\\/#breadcrumb\"},\"inLanguage\":\"es\",\"potentialAction\":[{\"@type\":\"ReadAction\",\"target\":[\"https:\\\/\\\/concejopitalito.gov.co\\\/contenido\\\/acuerdos\\\/\"]}]},{\"@type\":\"BreadcrumbList\",\"@id\":\"https:\\\/\\\/concejopitalito.gov.co\\\/contenido\\\/acuerdos\\\/#breadcrumb\",\"itemListElement\":[{\"@type\":\"ListItem\",\"position\":1,\"name\":\"Portada\",\"item\":\"https:\\\/\\\/concejopitalito.gov.co\\\/contenido\\\/\"},{\"@type\":\"ListItem\",\"position\":2,\"name\":\"Acuerdos\"}]},{\"@type\":\"WebSite\",\"@id\":\"https:\\\/\\\/concejopitalito.gov.co\\\/contenido\\\/#website\",\"url\":\"https:\\\/\\\/concejopitalito.gov.co\\\/contenido\\\/\",\"name\":\"Concejo Municipal de Pitalito\",\"description\":\"Nuestro compromiso con Pitalito y los laboyanos es dar al cumplimiento de su misi\u00f3n institucional y legal, tendiente a permitir una \u00f3ptima gesti\u00f3n p\u00fablica que satisfaga las necesidades y expectativas de la comunidad, con base a los requisitos de eficiencia y eficacia y fundamentada en el principio de transparencia\",\"publisher\":{\"@id\":\"https:\\\/\\\/concejopitalito.gov.co\\\/contenido\\\/#organization\"},\"potentialAction\":[{\"@type\":\"SearchAction\",\"target\":{\"@type\":\"EntryPoint\",\"urlTemplate\":\"https:\\\/\\\/concejopitalito.gov.co\\\/contenido\\\/?s={search_term_string}\"},\"query-input\":{\"@type\":\"PropertyValueSpecification\",\"valueRequired\":true,\"valueName\":\"search_term_string\"}}],\"inLanguage\":\"es\"},{\"@type\":\"Organization\",\"@id\":\"https:\\\/\\\/concejopitalito.gov.co\\\/contenido\\\/#organization\",\"name\":\"Concejo Municipal Pitalito\",\"url\":\"https:\\\/\\\/concejopitalito.gov.co\\\/contenido\\\/\",\"logo\":{\"@type\":\"ImageObject\",\"inLanguage\":\"es\",\"@id\":\"https:\\\/\\\/concejopitalito.gov.co\\\/contenido\\\/#\\\/schema\\\/logo\\\/image\\\/\",\"url\":\"https:\\\/\\\/concejopitalito.gov.co\\\/contenido\\\/wp-content\\\/uploads\\\/2021\\\/06\\\/Logo-Concejo.png\",\"contentUrl\":\"https:\\\/\\\/concejopitalito.gov.co\\\/contenido\\\/wp-content\\\/uploads\\\/2021\\\/06\\\/Logo-Concejo.png\",\"width\":1594,\"height\":200,\"caption\":\"Concejo Municipal Pitalito\"},\"image\":{\"@id\":\"https:\\\/\\\/concejopitalito.gov.co\\\/contenido\\\/#\\\/schema\\\/logo\\\/image\\\/\"}}]}<\/script>\n<!-- \/ Yoast SEO plugin. -->","yoast_head_json":{"title":"Acuerdos - Concejo Municipal de Pitalito","robots":{"index":"index","follow":"follow","max-snippet":"max-snippet:-1","max-image-preview":"max-image-preview:large","max-video-preview":"max-video-preview:-1"},"canonical":"https:\/\/concejopitalito.gov.co\/contenido\/acuerdos\/","og_locale":"es_ES","og_type":"article","og_title":"Acuerdos - Concejo Municipal de Pitalito","og_description":"ACUERDOS Inicio \/ Acuerdos octubre 30, 2024 RESOL-036-2024-lista-de-aspirantes-admitidos Listado preliminar de aspirantes al cargo de secretario general del concejo municipal de Pitalito. agosto 20, 2024 Dentro de las funciones que [&hellip;]","og_url":"https:\/\/concejopitalito.gov.co\/contenido\/acuerdos\/","og_site_name":"Concejo Municipal de Pitalito","article_modified_time":"2025-02-12T17:50:39+00:00","twitter_card":"summary_large_image","twitter_misc":{"Tiempo de lectura":"1 minuto"},"schema":{"@context":"https:\/\/schema.org","@graph":[{"@type":"WebPage","@id":"https:\/\/concejopitalito.gov.co\/contenido\/acuerdos\/","url":"https:\/\/concejopitalito.gov.co\/contenido\/acuerdos\/","name":"Acuerdos - Concejo Municipal de Pitalito","isPartOf":{"@id":"https:\/\/concejopitalito.gov.co\/contenido\/#website"},"datePublished":"2021-12-13T14:54:26+00:00","dateModified":"2025-02-12T17:50:39+00:00","breadcrumb":{"@id":"https:\/\/concejopitalito.gov.co\/contenido\/acuerdos\/#breadcrumb"},"inLanguage":"es","potentialAction":[{"@type":"ReadAction","target":["https:\/\/concejopitalito.gov.co\/contenido\/acuerdos\/"]}]},{"@type":"BreadcrumbList","@id":"https:\/\/concejopitalito.gov.co\/contenido\/acuerdos\/#breadcrumb","itemListElement":[{"@type":"ListItem","position":1,"name":"Portada","item":"https:\/\/concejopitalito.gov.co\/contenido\/"},{"@type":"ListItem","position":2,"name":"Acuerdos"}]},{"@type":"WebSite","@id":"https:\/\/concejopitalito.gov.co\/contenido\/#website","url":"https:\/\/concejopitalito.gov.co\/contenido\/","name":"Concejo Municipal de Pitalito","description":"Nuestro compromiso con Pitalito y los laboyanos es dar al cumplimiento de su misi\u00f3n institucional y legal, tendiente a permitir una \u00f3ptima gesti\u00f3n p\u00fablica que satisfaga las necesidades y expectativas de la comunidad, con base a los requisitos de eficiencia y eficacia y fundamentada en el principio de transparencia","publisher":{"@id":"https:\/\/concejopitalito.gov.co\/contenido\/#organization"},"potentialAction":[{"@type":"SearchAction","target":{"@type":"EntryPoint","urlTemplate":"https:\/\/concejopitalito.gov.co\/contenido\/?s={search_term_string}"},"query-input":{"@type":"PropertyValueSpecification","valueRequired":true,"valueName":"search_term_string"}}],"inLanguage":"es"},{"@type":"Organization","@id":"https:\/\/concejopitalito.gov.co\/contenido\/#organization","name":"Concejo Municipal Pitalito","url":"https:\/\/concejopitalito.gov.co\/contenido\/","logo":{"@type":"ImageObject","inLanguage":"es","@id":"https:\/\/concejopitalito.gov.co\/contenido\/#\/schema\/logo\/image\/","url":"https:\/\/concejopitalito.gov.co\/contenido\/wp-content\/uploads\/2021\/06\/Logo-Concejo.png","contentUrl":"https:\/\/concejopitalito.gov.co\/contenido\/wp-content\/uploads\/2021\/06\/Logo-Concejo.png","width":1594,"height":200,"caption":"Concejo Municipal Pitalito"},"image":{"@id":"https:\/\/concejopitalito.gov.co\/contenido\/#\/schema\/logo\/image\/"}}]}},"_links":{"self":[{"href":"https:\/\/concejopitalito.gov.co\/contenido\/wp-json\/wp\/v2\/pages\/644","targetHints":{"allow":["GET"]}}],"collection":[{"href":"https:\/\/concejopitalito.gov.co\/contenido\/wp-json\/wp\/v2\/pages"}],"about":[{"href":"https:\/\/concejopitalito.gov.co\/contenido\/wp-json\/wp\/v2\/types\/page"}],"author":[{"embeddable":true,"href":"https:\/\/concejopitalito.gov.co\/contenido\/wp-json\/wp\/v2\/users\/1"}],"replies":[{"embeddable":true,"href":"https:\/\/concejopitalito.gov.co\/contenido\/wp-json\/wp\/v2\/comments?post=644"}],"version-history":[{"count":48,"href":"https:\/\/concejopitalito.gov.co\/contenido\/wp-json\/wp\/v2\/pages\/644\/revisions"}],"predecessor-version":[{"id":2313,"href":"https:\/\/concejopitalito.gov.co\/contenido\/wp-json\/wp\/v2\/pages\/644\/revisions\/2313"}],"wp:attachment":[{"href":"https:\/\/concejopitalito.gov.co\/contenido\/wp-json\/wp\/v2\/media?parent=644"}],"curies":[{"name":"wp","href":"https:\/\/api.w.org\/{rel}","templated":true}]}}